{"id":26,"date":"2024-02-22T19:05:27","date_gmt":"2024-02-22T19:05:27","guid":{"rendered":"https:\/\/www.dnotj.pl\/?page_id=26"},"modified":"2024-02-22T19:05:27","modified_gmt":"2024-02-22T19:05:27","slug":"o-mnie","status":"publish","type":"page","link":"https:\/\/dnotj.pl\/?page_id=26","title":{"rendered":"O mnie"},"content":{"rendered":"<div class=\"wp-block-image\">\n<figure class=\"alignleft size-full is-resized\"><img decoding=\"async\" src=\"https:\/\/dnotj.pl\/wp-content\/uploads\/2024\/02\/moje-zdjecie-na-strone.webp\" alt=\"\" class=\"wp-image-28\" style=\"width:183px;height:auto\"\/><\/figure>\n<\/div>\n\n\n<p>Jestem 31-letnim surferem, dla kt\u00f3rego morze sta\u0142o si\u0119 drugim domem. Surfing to nie tylko moja pasja, ale spos\u00f3b na \u017cycie, kt\u00f3ry pozwala mi odkrywa\u0107 najdalsze zak\u0105tki \u015bwiata. Od m\u0142odych lat fascynowa\u0142a mnie si\u0142a i pi\u0119kno oceanu, co sk\u0142oni\u0142o mnie do podr\u00f3\u017cy w poszukiwaniu idealnej fali. Moje do\u015bwiadczenie na desce surferskiej si\u0119ga ponad dw\u00f3ch dekad, podczas kt\u00f3rych mia\u0142em okazj\u0119 surfowa\u0107 na r\u00f3\u017cnych morzach i oceanach.<\/p>\n\n\n\n<p>Ulubione miejsce do surfowania? Trudno wybra\u0107 jedno, ale je\u015bli mia\u0142bym si\u0119 zdecydowa\u0107, to Bali z jego niesamowitymi falami i kultur\u0105 surfingu jest miejscem, do kt\u00f3rego zawsze ch\u0119tnie wracam. Woda jest tu ciep\u0142a, fale doskona\u0142e, a lokalna spo\u0142eczno\u015b\u0107 surferska inspiruj\u0105ca.<\/p>\n\n\n\n<p>Przez lata nauczy\u0142em si\u0119, \u017ce surfing to wi\u0119cej ni\u017c sport \u2013 to sztuka r\u00f3wnowagi, cierpliwo\u015bci i pokory wobec natury. Ka\u017cda fala niesie nowe wyzwanie i lekcj\u0119. Dziel\u0105c si\u0119 moimi przygodami i do\u015bwiadczeniem, mam nadziej\u0119 zainspirowa\u0107 innych do odkrywania tej pasji i poszanowania dla oceanu, kt\u00f3ry nas wszystkich \u0142\u0105czy. Surfer to nie tylko kto\u015b, kto stoi na desce; to osoba, kt\u00f3ra rozumie i szanuje si\u0142\u0119 morza.<\/p>\n","protected":false},"excerpt":{"rendered":"<p>Jestem 31-letnim surferem, dla kt\u00f3rego morze sta\u0142o si\u0119 drugim domem. Surfing to nie tylko moja pasja, ale spos\u00f3b na \u017cycie, kt\u00f3ry pozwala mi odkrywa\u0107 najdalsze zak\u0105tki \u015bwiata. Od m\u0142odych lat fascynowa\u0142a mnie si\u0142a i pi\u0119kno oceanu, co sk\u0142oni\u0142o mnie do podr\u00f3\u017cy w poszukiwaniu idealnej fali. Moje do\u015bwiadczenie na desce surferskiej si\u0119ga ponad dw\u00f3ch dekad, podczas<a class=\"more-link\" href=\"https:\/\/dnotj.pl\/?page_id=26\">Read more<\/a><\/p>\n","protected":false},"author":1,"featured_media":0,"parent":0,"menu_order":0,"comment_status":"closed","ping_status":"closed","template":"","meta":{"footnotes":""},"class_list":["post-26","page","type-page","status-publish","hentry"],"_links":{"self":[{"href":"https:\/\/dnotj.pl\/index.php?rest_route=\/wp\/v2\/pages\/26","targetHints":{"allow":["GET"]}}],"collection":[{"href":"https:\/\/dnotj.pl\/index.php?rest_route=\/wp\/v2\/pages"}],"about":[{"href":"https:\/\/dnotj.pl\/index.php?rest_route=\/wp\/v2\/types\/page"}],"author":[{"embeddable":true,"href":"https:\/\/dnotj.pl\/index.php?rest_route=\/wp\/v2\/users\/1"}],"replies":[{"embeddable":true,"href":"https:\/\/dnotj.pl\/index.php?rest_route=%2Fwp%2Fv2%2Fcomments&post=26"}],"version-history":[{"count":0,"href":"https:\/\/dnotj.pl\/index.php?rest_route=\/wp\/v2\/pages\/26\/revisions"}],"wp:attachment":[{"href":"https:\/\/dnotj.pl\/index.php?rest_route=%2Fwp%2Fv2%2Fmedia&parent=26"}],"curies":[{"name":"wp","href":"https:\/\/api.w.org\/{rel}","templated":true}]}}